{"id":30,"date":"2012-04-17T13:14:14","date_gmt":"2012-04-17T13:14:14","guid":{"rendered":"http:\/\/www.firemni-ponozky.cz\/sk\/?page_id=30"},"modified":"2012-04-17T13:14:14","modified_gmt":"2012-04-17T13:14:14","slug":"reference","status":"publish","type":"page","link":"https:\/\/www.firemni-ponozky.cz\/sk\/reference\/","title":{"rendered":"Reference"},"content":{"rendered":"<blockquote><p>V\u00fdb\u011br reklamn\u00edch pono\u017eek. Design je v\u017edy dle p\u0159\u00e1n\u00ed klienta.<\/p><\/blockquote>\n<!-- default-view.php -->\n<div\n\tclass=\"ngg-galleryoverview default-view  ngg-ajax-pagination-none\"\n\tid=\"ngg-gallery-0b8f920a6e927fd187edbedfd9eac9d1-1\">\n\n\t\t<!-- Thumbnails -->\n\t\t\t\t<div id=\"ngg-image-0\" class=\"ngg-gallery-thumbnail-box \" >\n\t\t\t\t        <div class=\"ngg-gallery-thumbnail\">\n            <a href=\"https:\/\/www.firemni-ponozky.cz\/sk\/wp-content\/blogs.dir\/3\/files\/ukazky-reklamnich-ponozek\/cyklo_nove_mesto.jpg\"\n               title=\"\"\n               data-src=\"https:\/\/www.firemni-ponozky.cz\/sk\/wp-content\/blogs.dir\/3\/files\/ukazky-reklamnich-ponozek\/cyklo_nove_mesto.jpg\"\n               data-thumbnail=\"https:\/\/www.firemni-ponozky.cz\/sk\/wp-content\/blogs.dir\/3\/files\/ukazky-reklamnich-ponozek\/thumbs\/thumbs_cyklo_nove_mesto.jpg\"\n               data-image-id=\"1\"\n               data-title=\"cyklo_nove_mesto\"\n               data-description=\"\"\n               data-image-slug=\"cyklo_nove_mesto\"\n               >\n                <img\n                    title=\"cyklo_nove_mesto\"\n                    alt=\"cyklo_nove_mesto\"\n                    src=\"https:\/\/www.firemni-ponozky.cz\/sk\/wp-content\/blogs.dir\/3\/files\/ukazky-reklamnich-ponozek\/thumbs\/thumbs_cyklo_nove_mesto.jpg\"\n                    width=\"149\"\n                    height=\"123\"\n                    style=\"max-width:100%;\"\n                \/>\n            <\/a>\n        <\/div>\n\t\t\t\t\t\t\t<\/div> \n\t\t\t\n\t\t\t\t<div id=\"ngg-image-1\" class=\"ngg-gallery-thumbnail-box \" >\n\t\t\t\t        <div class=\"ngg-gallery-thumbnail\">\n            <a href=\"https:\/\/www.firemni-ponozky.cz\/sk\/wp-content\/blogs.dir\/3\/files\/ukazky-reklamnich-ponozek\/infuture_treking_01.jpg\"\n               title=\"\"\n               data-src=\"https:\/\/www.firemni-ponozky.cz\/sk\/wp-content\/blogs.dir\/3\/files\/ukazky-reklamnich-ponozek\/infuture_treking_01.jpg\"\n               data-thumbnail=\"https:\/\/www.firemni-ponozky.cz\/sk\/wp-content\/blogs.dir\/3\/files\/ukazky-reklamnich-ponozek\/thumbs\/thumbs_infuture_treking_01.jpg\"\n               data-image-id=\"2\"\n               data-title=\"infuture_treking_01\"\n               data-description=\"\"\n               data-image-slug=\"infuture_treking_01\"\n               >\n                <img\n                    title=\"infuture_treking_01\"\n                    alt=\"infuture_treking_01\"\n                    src=\"https:\/\/www.firemni-ponozky.cz\/sk\/wp-content\/blogs.dir\/3\/files\/ukazky-reklamnich-ponozek\/thumbs\/thumbs_infuture_treking_01.jpg\"\n                    width=\"149\"\n                    height=\"123\"\n                    style=\"max-width:100%;\"\n                \/>\n            <\/a>\n        <\/div>\n\t\t\t\t\t\t\t<\/div> \n\t\t\t\n\t\t\t\t<div id=\"ngg-image-2\" class=\"ngg-gallery-thumbnail-box \" >\n\t\t\t\t        <div class=\"ngg-gallery-thumbnail\">\n            <a href=\"https:\/\/www.firemni-ponozky.cz\/sk\/wp-content\/blogs.dir\/3\/files\/ukazky-reklamnich-ponozek\/porsche_a.jpg\"\n               title=\"\"\n               data-src=\"https:\/\/www.firemni-ponozky.cz\/sk\/wp-content\/blogs.dir\/3\/files\/ukazky-reklamnich-ponozek\/porsche_a.jpg\"\n               data-thumbnail=\"https:\/\/www.firemni-ponozky.cz\/sk\/wp-content\/blogs.dir\/3\/files\/ukazky-reklamnich-ponozek\/thumbs\/thumbs_porsche_a.jpg\"\n               data-image-id=\"3\"\n               data-title=\"porsche_a\"\n               data-description=\"\"\n               data-image-slug=\"porsche_a\"\n               >\n                <img\n                    title=\"porsche_a\"\n                    alt=\"porsche_a\"\n                    src=\"https:\/\/www.firemni-ponozky.cz\/sk\/wp-content\/blogs.dir\/3\/files\/ukazky-reklamnich-ponozek\/thumbs\/thumbs_porsche_a.jpg\"\n                    width=\"149\"\n                    height=\"123\"\n                    style=\"max-width:100%;\"\n                \/>\n            <\/a>\n        <\/div>\n\t\t\t\t\t\t\t<\/div> \n\t\t\t\n\t\t\t\t<div id=\"ngg-image-3\" class=\"ngg-gallery-thumbnail-box \" >\n\t\t\t\t        <div class=\"ngg-gallery-thumbnail\">\n            <a href=\"https:\/\/www.firemni-ponozky.cz\/sk\/wp-content\/blogs.dir\/3\/files\/ukazky-reklamnich-ponozek\/reference_01.jpg\"\n               title=\"\"\n               data-src=\"https:\/\/www.firemni-ponozky.cz\/sk\/wp-content\/blogs.dir\/3\/files\/ukazky-reklamnich-ponozek\/reference_01.jpg\"\n               data-thumbnail=\"https:\/\/www.firemni-ponozky.cz\/sk\/wp-content\/blogs.dir\/3\/files\/ukazky-reklamnich-ponozek\/thumbs\/thumbs_reference_01.jpg\"\n               data-image-id=\"4\"\n               data-title=\"reference_01\"\n               data-description=\"\"\n               data-image-slug=\"reference_01\"\n               >\n                <img\n                    title=\"reference_01\"\n                    alt=\"reference_01\"\n                    src=\"https:\/\/www.firemni-ponozky.cz\/sk\/wp-content\/blogs.dir\/3\/files\/ukazky-reklamnich-ponozek\/thumbs\/thumbs_reference_01.jpg\"\n                    width=\"149\"\n                    height=\"123\"\n                    style=\"max-width:100%;\"\n                \/>\n            <\/a>\n        <\/div>\n\t\t\t\t\t\t\t<\/div> \n\t\t\t\n\t\t\t\t<div id=\"ngg-image-4\" class=\"ngg-gallery-thumbnail-box \" >\n\t\t\t\t        <div class=\"ngg-gallery-thumbnail\">\n            <a href=\"https:\/\/www.firemni-ponozky.cz\/sk\/wp-content\/blogs.dir\/3\/files\/ukazky-reklamnich-ponozek\/reference_02.jpg\"\n               title=\"\"\n               data-src=\"https:\/\/www.firemni-ponozky.cz\/sk\/wp-content\/blogs.dir\/3\/files\/ukazky-reklamnich-ponozek\/reference_02.jpg\"\n               data-thumbnail=\"https:\/\/www.firemni-ponozky.cz\/sk\/wp-content\/blogs.dir\/3\/files\/ukazky-reklamnich-ponozek\/thumbs\/thumbs_reference_02.jpg\"\n               data-image-id=\"5\"\n               data-title=\"reference_02\"\n               data-description=\"\"\n               data-image-slug=\"reference_02\"\n               >\n                <img\n                    title=\"reference_02\"\n                    alt=\"reference_02\"\n                    src=\"https:\/\/www.firemni-ponozky.cz\/sk\/wp-content\/blogs.dir\/3\/files\/ukazky-reklamnich-ponozek\/thumbs\/thumbs_reference_02.jpg\"\n                    width=\"149\"\n                    height=\"123\"\n                    style=\"max-width:100%;\"\n                \/>\n            <\/a>\n        <\/div>\n\t\t\t\t\t\t\t<\/div> \n\t\t\t\n\t\t\t\t<div id=\"ngg-image-5\" class=\"ngg-gallery-thumbnail-box \" >\n\t\t\t\t        <div class=\"ngg-gallery-thumbnail\">\n            <a href=\"https:\/\/www.firemni-ponozky.cz\/sk\/wp-content\/blogs.dir\/3\/files\/ukazky-reklamnich-ponozek\/reference_03.jpg\"\n               title=\"\"\n               data-src=\"https:\/\/www.firemni-ponozky.cz\/sk\/wp-content\/blogs.dir\/3\/files\/ukazky-reklamnich-ponozek\/reference_03.jpg\"\n               data-thumbnail=\"https:\/\/www.firemni-ponozky.cz\/sk\/wp-content\/blogs.dir\/3\/files\/ukazky-reklamnich-ponozek\/thumbs\/thumbs_reference_03.jpg\"\n               data-image-id=\"6\"\n               data-title=\"reference_03\"\n               data-description=\"\"\n               data-image-slug=\"reference_03\"\n               >\n                <img\n                    title=\"reference_03\"\n                    alt=\"reference_03\"\n                    src=\"https:\/\/www.firemni-ponozky.cz\/sk\/wp-content\/blogs.dir\/3\/files\/ukazky-reklamnich-ponozek\/thumbs\/thumbs_reference_03.jpg\"\n                    width=\"149\"\n                    height=\"123\"\n                    style=\"max-width:100%;\"\n                \/>\n            <\/a>\n        <\/div>\n\t\t\t\t\t\t\t<\/div> \n\t\t\t\n\t\n\t<br style=\"clear: both\" \/>\n\n\t\t<div class=\"slideshowlink\">\n        <a href='https:\/\/www.firemni-ponozky.cz\/sk\/reference\/nggallery\/slideshow'>[Show as slideshow]<\/a>\n\t\t\n\t<\/div>\n\t\n\t\t<!-- Pagination -->\n\t<div class='ngg-clear'><\/div>\t<\/div>\n\n","protected":false},"excerpt":{"rendered":"<p>V\u00fdb\u011br reklamn\u00edch pono\u017eek. Design je v\u017edy dle p\u0159\u00e1n\u00ed klienta.<\/p>\n","protected":false},"author":1,"featured_media":0,"parent":0,"menu_order":0,"comment_status":"open","ping_status":"open","template":"","meta":{"ngg_post_thumbnail":0},"_links":{"self":[{"href":"https:\/\/www.firemni-ponozky.cz\/sk\/wp-json\/wp\/v2\/pages\/30"}],"collection":[{"href":"https:\/\/www.firemni-ponozky.cz\/sk\/wp-json\/wp\/v2\/pages"}],"about":[{"href":"https:\/\/www.firemni-ponozky.cz\/sk\/wp-json\/wp\/v2\/types\/page"}],"author":[{"embeddable":true,"href":"https:\/\/www.firemni-ponozky.cz\/sk\/wp-json\/wp\/v2\/users\/1"}],"replies":[{"embeddable":true,"href":"https:\/\/www.firemni-ponozky.cz\/sk\/wp-json\/wp\/v2\/comments?post=30"}],"version-history":[{"count":1,"href":"https:\/\/www.firemni-ponozky.cz\/sk\/wp-json\/wp\/v2\/pages\/30\/revisions"}],"predecessor-version":[{"id":31,"href":"https:\/\/www.firemni-ponozky.cz\/sk\/wp-json\/wp\/v2\/pages\/30\/revisions\/31"}],"wp:attachment":[{"href":"https:\/\/www.firemni-ponozky.cz\/sk\/wp-json\/wp\/v2\/media?parent=30"}],"curies":[{"name":"wp","href":"https:\/\/api.w.org\/{rel}","templated":true}]}}