{"id":36,"date":"2012-04-17T12:58:47","date_gmt":"2012-04-17T12:58:47","guid":{"rendered":"http:\/\/www.firemni-ponozky.cz\/en\/?page_id=36"},"modified":"2012-04-17T12:58:47","modified_gmt":"2012-04-17T12:58:47","slug":"kontakt","status":"publish","type":"page","link":"https:\/\/www.firemni-ponozky.cz\/en\/kontakt\/","title":{"rendered":"Kontakt"},"content":{"rendered":"<div class=\"contact\"><div class=\"iframe-wrapper\">\n  <iframe src=\"http:\/\/maps.google.com\/maps?q=Hrdli%C4%8Dkova+13,+Praha+4&#038;hl=cs&#038;ie=UTF8&#038;sll=50.126294,14.621973&#038;sspn=0.63654,1.042328&#038;hnear=Hrdli%C4%8Dkova+2197%2F13,+149+00+Praha+4-Chodov,+%C4%8Cesk%C3%A1+republika&#038;t=m&#038;z=13&#038;iwloc=A&#038;output=embed\" frameborder=\"0\" style=\"height:400px;width:514px;\">Please upgrade your browser<\/iframe>\n<\/div><\/div>\n<div class=\"contact\">\n<h2>S\u00eddlo &#8211; faktura\u010dn\u00ed \u00fadaje<\/h2>\n<address>Petr Nov\u00e1k<br \/>\nVidice 10<br \/>\n284 01, Kutn\u00e1 Hora<\/address>\n<address><strong>I\u010c:<\/strong>\u00a074849026<br \/>\n<strong>DI\u010c:<\/strong>\u00a0CZ8308060838 (pl\u00e1tce DPH)<br \/>\n<strong>bank. spojen\u00ed:<\/strong>\u00a02205156411\/6210 (mBank)<\/address>\n<h2>Koresponden\u010dn\u00ed adresa &#8211; INFOLINKA<\/h2>\n<\/div>\n<div class=\"contact\">\n<div class=\"half\">\n<address>Petr Nov\u00e1k<br \/>\nHrdli\u010dkova 2197\/13<br \/>\n148 00, Praha 4<\/address>\n<\/div>\n<div class=\"half\"><strong>E-mail:<\/strong> <a href=\"mailto:info@firemni-ponozky.cz\">info@firemni-ponozky.cz<\/a><br \/>\n<strong>Telefon:<\/strong> +420 724 391 957<\/div>\n<hr class=\"fix\" \/>\n<div role=\"form\" class=\"wpcf7\" id=\"wpcf7-f56-o1\" lang=\"en-US\" dir=\"ltr\">\n<div class=\"screen-reader-response\"><p role=\"status\" aria-live=\"polite\" aria-atomic=\"true\"><\/p> <ul><\/ul><\/div>\n<form action=\"\/en\/wp-json\/wp\/v2\/pages\/36#wpcf7-f56-o1\" method=\"post\" class=\"wpcf7-form init\" novalidate=\"novalidate\" data-status=\"init\">\n<div style=\"display: none;\">\n<input type=\"hidden\" name=\"_wpcf7\" value=\"56\" \/>\n<input type=\"hidden\" name=\"_wpcf7_version\" value=\"5.4\" \/>\n<input type=\"hidden\" name=\"_wpcf7_locale\" value=\"en_US\" \/>\n<input type=\"hidden\" name=\"_wpcf7_unit_tag\" value=\"wpcf7-f56-o1\" \/>\n<input type=\"hidden\" name=\"_wpcf7_container_post\" value=\"0\" \/>\n<input type=\"hidden\" name=\"_wpcf7_posted_data_hash\" value=\"\" \/>\n<input type=\"hidden\" name=\"_wpcf7_recaptcha_response\" value=\"\" \/>\n<\/div>\n<h2>Nez\u00e1vazn\u00e1 kalkulace, dotaz?<\/h2>\n<p><label for=\"nazev-spolecnosti\" class=\"displayNone\">N\u00e1zev firmy<\/label><span class=\"wpcf7-form-control-wrap nazev-spolecnosti\"><input type=\"text\" name=\"nazev-spolecnosti\" value=\"\" size=\"40\" class=\"wpcf7-form-control wpcf7-text first\" id=\"nazev-spolecnosti\" aria-invalid=\"false\" placeholder=\"N\u00e1zev firmy\" \/><\/span><label for=\"your-email\" class=\"displayNone\">Email<\/label><span class=\"wpcf7-form-control-wrap your-email\"><input type=\"email\" name=\"your-email\" value=\"\" size=\"40\" class=\"wpcf7-form-control wpcf7-text wpcf7-email wpcf7-validates-as-required wpcf7-validates-as-email last\" id=\"your-email\" aria-required=\"true\" aria-invalid=\"false\" placeholder=\"Email\" \/><\/span><label for=\"your-name\" class=\"displayNone\">Jm\u00e9no a p\u0159\u00edjmen\u00ed<\/label><span class=\"wpcf7-form-control-wrap your-name\"><input type=\"text\" name=\"your-name\" value=\"\" size=\"40\" class=\"wpcf7-form-control wpcf7-text wpcf7-validates-as-required first\" id=\"your-name\" aria-required=\"true\" aria-invalid=\"false\" placeholder=\"Jm\u00e9no a p\u0159\u00edjmen\u00ed\" \/><\/span><label for=\"your-phone\" class=\"displayNone\">Telefon<\/label><span class=\"wpcf7-form-control-wrap your-phone\"><input type=\"text\" name=\"your-phone\" value=\"\" size=\"40\" class=\"wpcf7-form-control wpcf7-text wpcf7-validates-as-required last\" id=\"your-phone\" aria-required=\"true\" aria-invalid=\"false\" placeholder=\"Telefon\" \/><\/span><\/p>\n<hr class=\"fix\" \/><span class=\"wpcf7-form-control-wrap checkbox-209\"><span class=\"wpcf7-form-control wpcf7-checkbox\"><span class=\"wpcf7-list-item first\"><label><input type=\"checkbox\" name=\"checkbox-209[]\" value=\"Reklamn\u00ed pono\u017eky\" \/><span class=\"wpcf7-list-item-label\">Reklamn\u00ed pono\u017eky<\/span><\/label><\/span><span class=\"wpcf7-list-item\"><label><input type=\"checkbox\" name=\"checkbox-209[]\" value=\"Velkoobchodn\u00ed spolupr\u00e1ce\" \/><span class=\"wpcf7-list-item-label\">Velkoobchodn\u00ed spolupr\u00e1ce<\/span><\/label><\/span><span class=\"wpcf7-list-item\"><label><input type=\"checkbox\" name=\"checkbox-209[]\" value=\"Kari\u00e9ra, spolupr\u00e1ce\" \/><span class=\"wpcf7-list-item-label\">Kari\u00e9ra, spolupr\u00e1ce<\/span><\/label><\/span><span class=\"wpcf7-list-item last\"><label><input type=\"checkbox\" name=\"checkbox-209[]\" value=\"V\u00fdb\u011brov\u00e9 \u0159\u00edzen\u00ed, tendr\" \/><span class=\"wpcf7-list-item-label\">V\u00fdb\u011brov\u00e9 \u0159\u00edzen\u00ed, tendr<\/span><\/label><\/span><\/span><\/span><br \/>\n<hr class=\"fix\" \/>\n<p><label for=\"your-message\" class=\"displayNone\">Pozn\u00e1mka<\/label><span class=\"wpcf7-form-control-wrap your-message\"><textarea name=\"your-message\" cols=\"40\" rows=\"10\" class=\"wpcf7-form-control wpcf7-textarea\" id=\"your-message\" aria-invalid=\"false\" placeholder=\"Pozn\u00e1mka...\"><\/textarea><\/span><\/p>\n<p><label for=\"your-submit\" class=\"displayNone\">Odeslat<\/label><button><span class=\"cufon bold shadow\">Odeslat<\/span><\/button><\/p>\n<div class=\"wpcf7-response-output\" aria-hidden=\"true\"><\/div><\/form><\/div>\n<\/div>\n","protected":false},"excerpt":{"rendered":"<p>Please upgrade your browser S\u00eddlo &#8211; faktura\u010dn\u00ed \u00fadaje Petr Nov\u00e1k Vidice 10 284 01, Kutn\u00e1 Hora I\u010c:\u00a074849026 DI\u010c:\u00a0CZ8308060838 (pl\u00e1tce DPH) bank. spojen\u00ed:\u00a02205156411\/6210 (mBank) Koresponden\u010dn\u00ed adresa&#8230;<\/p>\n","protected":false},"author":1,"featured_media":0,"parent":0,"menu_order":0,"comment_status":"open","ping_status":"open","template":"","meta":{"ngg_post_thumbnail":0},"_links":{"self":[{"href":"https:\/\/www.firemni-ponozky.cz\/en\/wp-json\/wp\/v2\/pages\/36"}],"collection":[{"href":"https:\/\/www.firemni-ponozky.cz\/en\/wp-json\/wp\/v2\/pages"}],"about":[{"href":"https:\/\/www.firemni-ponozky.cz\/en\/wp-json\/wp\/v2\/types\/page"}],"author":[{"embeddable":true,"href":"https:\/\/www.firemni-ponozky.cz\/en\/wp-json\/wp\/v2\/users\/1"}],"replies":[{"embeddable":true,"href":"https:\/\/www.firemni-ponozky.cz\/en\/wp-json\/wp\/v2\/comments?post=36"}],"version-history":[{"count":1,"href":"https:\/\/www.firemni-ponozky.cz\/en\/wp-json\/wp\/v2\/pages\/36\/revisions"}],"predecessor-version":[{"id":37,"href":"https:\/\/www.firemni-ponozky.cz\/en\/wp-json\/wp\/v2\/pages\/36\/revisions\/37"}],"wp:attachment":[{"href":"https:\/\/www.firemni-ponozky.cz\/en\/wp-json\/wp\/v2\/media?parent=36"}],"curies":[{"name":"wp","href":"https:\/\/api.w.org\/{rel}","templated":true}]}}